{"id":783,"date":"2022-10-18T11:42:58","date_gmt":"2022-10-18T11:42:58","guid":{"rendered":"https:\/\/bjf.rs\/?page_id=783"},"modified":"2025-10-13T10:15:52","modified_gmt":"2025-10-13T10:15:52","slug":"evropska-dzez-mreza","status":"publish","type":"page","link":"https:\/\/bjf.rs\/en\/evropska-dzez-mreza\/","title":{"rendered":"EUROPE JAZZ NETWORK"},"content":{"rendered":"<div class=\"beocode-classic-block purple-background padding-small\">\n\n    <div class=\"beocode-classic-block-inner wrapper-s red-background\">\n          <div class=\"content\">\n                   \n                <h1 class=\"main-title center-title\">EUROPE JAZZ NETWORK<\/h1>\n                            \n                <p><b>EVROPSKA D\u017dEZ MRE\u017dA<\/b><\/p>\n<p>&nbsp;<\/p>\n<p><span style=\"font-weight: 400;\">Beogradski d\u017eez festival je, kao jedini predstavnik iz Srbije, jedanaest godina \u010dlan istaknute me\u0111unarodne d\u017eez porodice \u2013 Europe Jazz Network. Asocijacija ima 208 \u010dlanova iz 38 zemalja (festivala, klubova i koncertnih dvorana, nezavisnih promotera i nacionalnih organizacija) koji su specijalizovani za kreativnu muziku, savremeni d\u017eez i improvizovanu muziku, nagla\u0161eno stvorenu iz evropske perspektive. Misija EJN je da ohrabri, promovi\u0161e i podr\u017ei razvoj kreativne improvizovane muzike na evropskoj sceni pru\u017eaju\u0107i mogu\u0107nosti umetnicima, organizatorima i publici razli\u010ditih zemalja da se sretnu i komuniciraju.\u00a0<\/span><\/p>\n<p>&nbsp;<\/p>\n<p><span style=\"font-weight: 400;\">Organizatori Beogradskog d\u017eez festivala aktivno u\u010destvuju u redovnim aktivnostima EJN razmenjuju\u0107i kreativne ideje sa kolegama iz drugih zemalja. Rukovodilac Odeljenja za umetni\u010dko stvarala\u0161tvo Doma omladine Beograda, Dragan Ambrozi\u0107 2015. godine bio je jedan od govornika na panel diskusiji \u201eFokus na jugoisto\u010dnu Evropu\u201c, odr\u017eanoj u okviru godi\u0161nje Evropske d\u017eez konferencije u Budimpe\u0161ti. Rukovodilac Odeljenja za promociju delatnosti Doma omladine Beograda, Milica \u0160evarli\u0107 u\u010destvovala je 2017. godine u \u201eStaff Exchange\u201c<\/span> <span style=\"font-weight: 400;\">programu EJN. Tokom deset dana, bila je deo tima ugledne me\u0111unarodne manifestacije Jazzfest Saalfelden u Austriji, i sa svojim kolegama razmenila profesionalna iskustva, ideje i prakse. U okviru istog programa razmene, u poseti Beogradskom d\u017eez festivalu 2022. godine bio je Patxi Berradre, sa D\u017eez festivala u San Sebastijanu. \u0160evarli\u0107 i Ambrozi\u0107 u\u010destvovali su potom i na godi\u0161njim konferencijama u Ljubljani (2017), Lisabonu (2018) i Novari (2019). Zbog pandemije koronavirusa konferencija 2020. godine nije odr\u017eana, ali su se delegati okupili na internetu i odr\u017eali izbornu skup\u0161tinu, kao i nekoliko virtuelnih panel-sesija, a 2021. godine godi\u0161nji skup je odr\u017ean u estonskoj prestonici Talinu. Novu konferenciju, ne\u0161to manjeg formata i u\u017eeg tematskog usmerenja, pod nazivom \u201eBeyond Europe\u201c EJN je pokrenula 2022. godine. Fokus je bio na regionu Balkana, lokalni organizator je bio Jazz Fest Sarajevo, a delegati Beogradskog d\u017eez festivala bili su umetni\u010dki direktor Vojislav Panti\u0107 i Milica \u0160evarli\u0107, koja je bila i konferansje programa. Dragan Ambrozi\u0107 predstavljao je festival na godi\u0161njoj EJN konferenciji 2022. u Sofiji, prestonici Bugarske, 2023. godine u Marseju, Francuska i 2025. u Bariju, Italija, a Vojislav Panti\u0107 na godi\u0161njoj konferenciji odr\u017eanoj 2024. godine u Gentu, Belgija.<\/span><\/p>\n<p>&nbsp;<\/p>\n<p><span style=\"font-weight: 400;\">Beogradski d\u017eez festival ponosno promovi\u0161e evropski d\u017eez senzibilitet, a razvijanje saradnje sa inostranim kolegama kroz EJN mre\u017eu omogu\u0107ava direkatan uvid u aktuelne d\u017eez tokove Starog kontinenta, kroz brojne konferencije, seminare i showcase<\/span> <span style=\"font-weight: 400;\">programe sa kojih smo tokom prethodnih godina selektovali i doma\u0107oj publici predstavili nekolicinu izvanrednih umetni\u010dkih otkri\u0107a.<\/span><\/p>\n<p>&nbsp;<\/p>\n                    <\/div>\n    <\/div>\n<\/div>","protected":false},"excerpt":{"rendered":"","protected":false},"author":1,"featured_media":4832,"parent":0,"menu_order":0,"comment_status":"closed","ping_status":"closed","template":"","meta":{"_acf_changed":false,"footnotes":""},"class_list":["post-783","page","type-page","status-publish","has-post-thumbnail","hentry"],"acf":[],"yoast_head":"<!-- This site is optimized with the Yoast SEO plugin v23.5 - https:\/\/yoast.com\/wordpress\/plugins\/seo\/ -->\n<title>Evropska d\u017eez mre\u017ea - 41. Belgrade Jazz Festival 2025<\/title>\n<meta name=\"description\" content=\"Beogradski d\u017eez festival je, kao jedini predstavnik iz Srbije, osam godina \u010dlan istaknute me\u0111unarodne d\u017eez porodice \u2013 Europe Jazz Network.\" \/>\n<meta name=\"robots\" content=\"index, follow, max-snippet:-1, max-image-preview:large, max-video-preview:-1\" \/>\n<link rel=\"canonical\" href=\"https:\/\/bjf.rs\/en\/evropska-dzez-mreza\/\" \/>\n<meta property=\"og:locale\" content=\"en_US\" \/>\n<meta property=\"og:type\" content=\"article\" \/>\n<meta property=\"og:title\" content=\"Evropska d\u017eez mre\u017ea - 41. Belgrade Jazz Festival 2025\" \/>\n<meta property=\"og:description\" content=\"Beogradski d\u017eez festival je, kao jedini predstavnik iz Srbije, osam godina \u010dlan istaknute me\u0111unarodne d\u017eez porodice \u2013 Europe Jazz Network.\" \/>\n<meta property=\"og:url\" content=\"https:\/\/bjf.rs\/en\/evropska-dzez-mreza\/\" \/>\n<meta property=\"og:site_name\" content=\"41. Belgrade Jazz Festival 2025\" \/>\n<meta property=\"article:publisher\" content=\"https:\/\/www.facebook.com\/BelgradeJazzFest\" \/>\n<meta property=\"article:modified_time\" content=\"2025-10-13T10:15:52+00:00\" \/>\n<meta property=\"og:image\" content=\"https:\/\/bjf.rs\/wp-content\/uploads\/2024\/09\/jazz-fb.jpg\" \/>\n\t<meta property=\"og:image:width\" content=\"1920\" \/>\n\t<meta property=\"og:image:height\" content=\"680\" \/>\n\t<meta property=\"og:image:type\" content=\"image\/jpeg\" \/>\n<meta name=\"twitter:card\" content=\"summary_large_image\" \/>\n<meta name=\"twitter:site\" content=\"@BGJazzFest\" \/>\n<meta name=\"twitter:label1\" content=\"Est. reading time\" \/>\n\t<meta name=\"twitter:data1\" content=\"1 minute\" \/>\n<script type=\"application\/ld+json\" class=\"yoast-schema-graph\">{\"@context\":\"https:\/\/schema.org\",\"@graph\":[{\"@type\":\"WebPage\",\"@id\":\"https:\/\/bjf.rs\/evropska-dzez-mreza\/\",\"url\":\"https:\/\/bjf.rs\/evropska-dzez-mreza\/\",\"name\":\"Evropska d\u017eez mre\u017ea - 41. Belgrade Jazz Festival 2025\",\"isPartOf\":{\"@id\":\"https:\/\/bjf.rs\/#website\"},\"primaryImageOfPage\":{\"@id\":\"https:\/\/bjf.rs\/evropska-dzez-mreza\/#primaryimage\"},\"image\":{\"@id\":\"https:\/\/bjf.rs\/evropska-dzez-mreza\/#primaryimage\"},\"thumbnailUrl\":\"https:\/\/bjf.rs\/wp-content\/uploads\/2025\/10\/EJN-2025.-Bari-photo-EJN.jpg\",\"datePublished\":\"2022-10-18T11:42:58+00:00\",\"dateModified\":\"2025-10-13T10:15:52+00:00\",\"description\":\"Beogradski d\u017eez festival je, kao jedini predstavnik iz Srbije, osam godina \u010dlan istaknute me\u0111unarodne d\u017eez porodice \u2013 Europe Jazz Network.\",\"breadcrumb\":{\"@id\":\"https:\/\/bjf.rs\/evropska-dzez-mreza\/#breadcrumb\"},\"inLanguage\":\"en-US\",\"potentialAction\":[{\"@type\":\"ReadAction\",\"target\":[\"https:\/\/bjf.rs\/evropska-dzez-mreza\/\"]}]},{\"@type\":\"ImageObject\",\"inLanguage\":\"en-US\",\"@id\":\"https:\/\/bjf.rs\/evropska-dzez-mreza\/#primaryimage\",\"url\":\"https:\/\/bjf.rs\/wp-content\/uploads\/2025\/10\/EJN-2025.-Bari-photo-EJN.jpg\",\"contentUrl\":\"https:\/\/bjf.rs\/wp-content\/uploads\/2025\/10\/EJN-2025.-Bari-photo-EJN.jpg\",\"width\":990,\"height\":660},{\"@type\":\"BreadcrumbList\",\"@id\":\"https:\/\/bjf.rs\/evropska-dzez-mreza\/#breadcrumb\",\"itemListElement\":[{\"@type\":\"ListItem\",\"position\":1,\"name\":\"Home\",\"item\":\"https:\/\/bjf.rs\/\"},{\"@type\":\"ListItem\",\"position\":2,\"name\":\"Evropska d\u017eez mre\u017ea\"}]},{\"@type\":\"WebSite\",\"@id\":\"https:\/\/bjf.rs\/#website\",\"url\":\"https:\/\/bjf.rs\/\",\"name\":\"41. Belgrade Jazz Festival 2025\",\"description\":\"\",\"publisher\":{\"@id\":\"https:\/\/bjf.rs\/#organization\"},\"potentialAction\":[{\"@type\":\"SearchAction\",\"target\":{\"@type\":\"EntryPoint\",\"urlTemplate\":\"https:\/\/bjf.rs\/?s={search_term_string}\"},\"query-input\":{\"@type\":\"PropertyValueSpecification\",\"valueRequired\":true,\"valueName\":\"search_term_string\"}}],\"inLanguage\":\"en-US\"},{\"@type\":\"Organization\",\"@id\":\"https:\/\/bjf.rs\/#organization\",\"name\":\"Belgrade Jazz festival\",\"url\":\"https:\/\/bjf.rs\/\",\"logo\":{\"@type\":\"ImageObject\",\"inLanguage\":\"en-US\",\"@id\":\"https:\/\/bjf.rs\/#\/schema\/logo\/image\/\",\"url\":\"https:\/\/bjf.rs\/wp-content\/uploads\/2022\/07\/Logo.png\",\"contentUrl\":\"https:\/\/bjf.rs\/wp-content\/uploads\/2022\/07\/Logo.png\",\"width\":469,\"height\":328,\"caption\":\"Belgrade Jazz festival\"},\"image\":{\"@id\":\"https:\/\/bjf.rs\/#\/schema\/logo\/image\/\"},\"sameAs\":[\"https:\/\/www.facebook.com\/BelgradeJazzFest\",\"https:\/\/x.com\/BGJazzFest\"]}]}<\/script>\n<!-- \/ Yoast SEO plugin. -->","yoast_head_json":{"title":"Evropska d\u017eez mre\u017ea - 41. Belgrade Jazz Festival 2025","description":"Beogradski d\u017eez festival je, kao jedini predstavnik iz Srbije, osam godina \u010dlan istaknute me\u0111unarodne d\u017eez porodice \u2013 Europe Jazz Network.","robots":{"index":"index","follow":"follow","max-snippet":"max-snippet:-1","max-image-preview":"max-image-preview:large","max-video-preview":"max-video-preview:-1"},"canonical":"https:\/\/bjf.rs\/en\/evropska-dzez-mreza\/","og_locale":"en_US","og_type":"article","og_title":"Evropska d\u017eez mre\u017ea - 41. Belgrade Jazz Festival 2025","og_description":"Beogradski d\u017eez festival je, kao jedini predstavnik iz Srbije, osam godina \u010dlan istaknute me\u0111unarodne d\u017eez porodice \u2013 Europe Jazz Network.","og_url":"https:\/\/bjf.rs\/en\/evropska-dzez-mreza\/","og_site_name":"41. Belgrade Jazz Festival 2025","article_publisher":"https:\/\/www.facebook.com\/BelgradeJazzFest","article_modified_time":"2025-10-13T10:15:52+00:00","og_image":[{"width":1920,"height":680,"url":"https:\/\/bjf.rs\/wp-content\/uploads\/2024\/09\/jazz-fb.jpg","type":"image\/jpeg"}],"twitter_card":"summary_large_image","twitter_site":"@BGJazzFest","twitter_misc":{"Est. reading time":"1 minute"},"schema":{"@context":"https:\/\/schema.org","@graph":[{"@type":"WebPage","@id":"https:\/\/bjf.rs\/evropska-dzez-mreza\/","url":"https:\/\/bjf.rs\/evropska-dzez-mreza\/","name":"Evropska d\u017eez mre\u017ea - 41. Belgrade Jazz Festival 2025","isPartOf":{"@id":"https:\/\/bjf.rs\/#website"},"primaryImageOfPage":{"@id":"https:\/\/bjf.rs\/evropska-dzez-mreza\/#primaryimage"},"image":{"@id":"https:\/\/bjf.rs\/evropska-dzez-mreza\/#primaryimage"},"thumbnailUrl":"https:\/\/bjf.rs\/wp-content\/uploads\/2025\/10\/EJN-2025.-Bari-photo-EJN.jpg","datePublished":"2022-10-18T11:42:58+00:00","dateModified":"2025-10-13T10:15:52+00:00","description":"Beogradski d\u017eez festival je, kao jedini predstavnik iz Srbije, osam godina \u010dlan istaknute me\u0111unarodne d\u017eez porodice \u2013 Europe Jazz Network.","breadcrumb":{"@id":"https:\/\/bjf.rs\/evropska-dzez-mreza\/#breadcrumb"},"inLanguage":"en-US","potentialAction":[{"@type":"ReadAction","target":["https:\/\/bjf.rs\/evropska-dzez-mreza\/"]}]},{"@type":"ImageObject","inLanguage":"en-US","@id":"https:\/\/bjf.rs\/evropska-dzez-mreza\/#primaryimage","url":"https:\/\/bjf.rs\/wp-content\/uploads\/2025\/10\/EJN-2025.-Bari-photo-EJN.jpg","contentUrl":"https:\/\/bjf.rs\/wp-content\/uploads\/2025\/10\/EJN-2025.-Bari-photo-EJN.jpg","width":990,"height":660},{"@type":"BreadcrumbList","@id":"https:\/\/bjf.rs\/evropska-dzez-mreza\/#breadcrumb","itemListElement":[{"@type":"ListItem","position":1,"name":"Home","item":"https:\/\/bjf.rs\/"},{"@type":"ListItem","position":2,"name":"Evropska d\u017eez mre\u017ea"}]},{"@type":"WebSite","@id":"https:\/\/bjf.rs\/#website","url":"https:\/\/bjf.rs\/","name":"41. Belgrade Jazz Festival 2025","description":"","publisher":{"@id":"https:\/\/bjf.rs\/#organization"},"potentialAction":[{"@type":"SearchAction","target":{"@type":"EntryPoint","urlTemplate":"https:\/\/bjf.rs\/?s={search_term_string}"},"query-input":{"@type":"PropertyValueSpecification","valueRequired":true,"valueName":"search_term_string"}}],"inLanguage":"en-US"},{"@type":"Organization","@id":"https:\/\/bjf.rs\/#organization","name":"Belgrade Jazz festival","url":"https:\/\/bjf.rs\/","logo":{"@type":"ImageObject","inLanguage":"en-US","@id":"https:\/\/bjf.rs\/#\/schema\/logo\/image\/","url":"https:\/\/bjf.rs\/wp-content\/uploads\/2022\/07\/Logo.png","contentUrl":"https:\/\/bjf.rs\/wp-content\/uploads\/2022\/07\/Logo.png","width":469,"height":328,"caption":"Belgrade Jazz festival"},"image":{"@id":"https:\/\/bjf.rs\/#\/schema\/logo\/image\/"},"sameAs":["https:\/\/www.facebook.com\/BelgradeJazzFest","https:\/\/x.com\/BGJazzFest"]}]}},"_links":{"self":[{"href":"https:\/\/bjf.rs\/en\/wp-json\/wp\/v2\/pages\/783","targetHints":{"allow":["GET"]}}],"collection":[{"href":"https:\/\/bjf.rs\/en\/wp-json\/wp\/v2\/pages"}],"about":[{"href":"https:\/\/bjf.rs\/en\/wp-json\/wp\/v2\/types\/page"}],"author":[{"embeddable":true,"href":"https:\/\/bjf.rs\/en\/wp-json\/wp\/v2\/users\/1"}],"replies":[{"embeddable":true,"href":"https:\/\/bjf.rs\/en\/wp-json\/wp\/v2\/comments?post=783"}],"version-history":[{"count":20,"href":"https:\/\/bjf.rs\/en\/wp-json\/wp\/v2\/pages\/783\/revisions"}],"predecessor-version":[{"id":4834,"href":"https:\/\/bjf.rs\/en\/wp-json\/wp\/v2\/pages\/783\/revisions\/4834"}],"wp:featuredmedia":[{"embeddable":true,"href":"https:\/\/bjf.rs\/en\/wp-json\/wp\/v2\/media\/4832"}],"wp:attachment":[{"href":"https:\/\/bjf.rs\/en\/wp-json\/wp\/v2\/media?parent=783"}],"curies":[{"name":"wp","href":"https:\/\/api.w.org\/{rel}","templated":true}]}}